{"id":201,"date":"2016-08-04T20:39:00","date_gmt":"2016-08-04T20:39:00","guid":{"rendered":"http:\/\/www.danalbertini.co\/?page_id=11"},"modified":"2025-07-29T09:08:38","modified_gmt":"2025-07-29T09:08:38","slug":"estimates","status":"publish","type":"page","link":"https:\/\/danalbertini.ca\/?page_id=201","title":{"rendered":"ESTIM\u00c9"},"content":{"rendered":"<p>Soutien \u00e0 la publication<\/p>\n<p style=\"text-align: justify;\">La gestion de ce portail a un co\u00fbt de fonctionnement qui ne nous profite pas. Ce sont les frais d&rsquo;h\u00e9bergement, ceux de la r\u00e9tention du nom de domaine, de la possession d&rsquo;un compte email et de l&rsquo;inscription \u00e0 des moteurs de recherches. Les frais de d\u00e9veloppement du contenu, ceux des voyages de recherches, sont d&rsquo;un autre compte mais obligatoires aussi.<\/p>\n<p style=\"text-align: justify;\">remplissez le formulaire suivant pour un estim\u00e9 sur un reportage, un article, un voyage, un avis.<\/p>\n<hr \/>\n<p>MERCI<\/p>\n","protected":false},"excerpt":{"rendered":"<p>Soutien \u00e0 la publication La gestion de ce portail a un co\u00fbt de fonctionnement qui ne nous profite pas. Ce sont les frais d&rsquo;h\u00e9bergement, ceux de la r\u00e9tention du nom de domaine, de la possession d&rsquo;un compte email et de l&rsquo;inscription \u00e0 des moteurs de recherches. Les frais de d\u00e9veloppement du contenu, ceux des voyages de recherches, sont d&rsquo;un autre compte mais obligatoires aussi. remplissez le formulaire suivant pour un estim\u00e9 sur un reportage, un article, un voyage, un avis. MERCI<\/p>\n","protected":false},"author":1,"featured_media":451,"parent":71,"menu_order":0,"comment_status":"closed","ping_status":"closed","template":"","meta":{"footnotes":""},"class_list":["post-201","page","type-page","status-publish","has-post-thumbnail","hentry"],"_links":{"self":[{"href":"https:\/\/danalbertini.ca\/index.php?rest_route=\/wp\/v2\/pages\/201","targetHints":{"allow":["GET"]}}],"collection":[{"href":"https:\/\/danalbertini.ca\/index.php?rest_route=\/wp\/v2\/pages"}],"about":[{"href":"https:\/\/danalbertini.ca\/index.php?rest_route=\/wp\/v2\/types\/page"}],"author":[{"embeddable":true,"href":"https:\/\/danalbertini.ca\/index.php?rest_route=\/wp\/v2\/users\/1"}],"replies":[{"embeddable":true,"href":"https:\/\/danalbertini.ca\/index.php?rest_route=%2Fwp%2Fv2%2Fcomments&post=201"}],"version-history":[{"count":1,"href":"https:\/\/danalbertini.ca\/index.php?rest_route=\/wp\/v2\/pages\/201\/revisions"}],"predecessor-version":[{"id":466,"href":"https:\/\/danalbertini.ca\/index.php?rest_route=\/wp\/v2\/pages\/201\/revisions\/466"}],"up":[{"embeddable":true,"href":"https:\/\/danalbertini.ca\/index.php?rest_route=\/wp\/v2\/pages\/71"}],"wp:featuredmedia":[{"embeddable":true,"href":"https:\/\/danalbertini.ca\/index.php?rest_route=\/"}],"wp:attachment":[{"href":"https:\/\/danalbertini.ca\/index.php?rest_route=%2Fwp%2Fv2%2Fmedia&parent=201"}],"curies":[{"name":"wp","href":"https:\/\/api.w.org\/{rel}","templated":true}]}}