{"id":202,"date":"2016-08-04T20:39:00","date_gmt":"2016-08-04T20:39:00","guid":{"rendered":"http:\/\/www.danalbertini.co\/?page_id=13"},"modified":"2025-07-29T09:09:32","modified_gmt":"2025-07-29T09:09:32","slug":"testimonials","status":"publish","type":"page","link":"https:\/\/danalbertini.ca\/?page_id=202","title":{"rendered":"TESTIMONIAL"},"content":{"rendered":"<div id=\"globaltext\">\n<div align=\"left\">\n<p><strong>PHILOSOPHIE<\/strong><\/p>\n<\/div>\n<\/div>\n<div id=\"pageleveltext\">\n<div align=\"left\">\n<p style=\"text-align: justify;\"><em>Le t\u00e9moignage peut-\u00eatre pour moi, une remarque venant d&rsquo;un lecteur, le geste d&rsquo;un acteur, le clich\u00e9 d&rsquo;un photographe.<\/em><\/p>\n<p><strong>Mon parcours:<\/strong><\/p>\n<ul>\n<li>La th\u00e9orie de l&rsquo;absurde.<\/li>\n<li>&#8230;mes rencontres:<\/li>\n<li>Internationales.<\/li>\n<li><em>Des exp\u00e9riences enrichissantes<\/em><\/li>\n<\/ul>\n<hr \/>\n<\/div>\n<\/div>\n<p style=\"text-align: justify;\"><strong>Sommet des Am\u00e9riques de Qu\u00e9bec, 2001<\/strong><\/p>\n<div id=\"attachment_370\" style=\"width: 139px\" class=\"wp-caption alignleft\"><img loading=\"lazy\" decoding=\"async\" aria-describedby=\"caption-attachment-370\" class=\"wp-image-370 \" src=\"http:\/\/danalbertini.com\/wp-content\/uploads\/2016\/08\/82490107.jpg\" alt=\"Bush Fox Chr\u00e9tien\" width=\"129\" height=\"128\" \/><p id=\"caption-attachment-370\" class=\"wp-caption-text\">au Sommet en 2001, Bush-Fox-Chr\u00e9tien<\/p><\/div>\n<p style=\"text-align: justify;\">La fameuse photo que j&rsquo;ai r\u00e9alis\u00e9e en marge du Sommet, avec le pr\u00e9sident Georges W. Bush, le premier ministre Jean Chr\u00e9tien et le pr\u00e9sident mexicain Vicente Fox, \u00e0 la caserne militaire de Qu\u00e9bec. Le trio avait accept\u00e9 de poser en photo, apr\u00e8s un bref point de presse s\u00e9lectif r\u00e9alis\u00e9 sous haute s\u00e9curit\u00e9.<\/p>\n<hr \/>\n<div id=\"pageleveltext\">\n<div align=\"left\">\n<p><i>Je manipule parfois l&rsquo;objectif aussi<\/i><\/p>\n<p>Ce n&rsquo;est pas fig\u00e9, il peut-\u00eatre aussi cette image qui parle, plus que les mots qui l&rsquo;accompagnent.<\/p>\n<\/div>\n<\/div>\n<blockquote><p>photo datant de janvier 2009 \u00e0 la Finca Argovia, \u00e0 Tapachula, Chiapas. Mexico. Je suis au c\u00f4t\u00e9 droit (serrant la main) de Bruno Giesemann, propri\u00e9taire.<\/p><\/blockquote>\n","protected":false},"excerpt":{"rendered":"<p>PHILOSOPHIE Le t\u00e9moignage peut-\u00eatre pour moi, une remarque venant d&rsquo;un lecteur, le geste d&rsquo;un acteur, le clich\u00e9 d&rsquo;un photographe. Mon parcours: La th\u00e9orie de l&rsquo;absurde. &#8230;mes rencontres: Internationales. Des exp\u00e9riences enrichissantes Sommet des Am\u00e9riques de Qu\u00e9bec, 2001 La fameuse photo que j&rsquo;ai r\u00e9alis\u00e9e en marge du Sommet, avec le pr\u00e9sident Georges W. Bush, le premier ministre Jean Chr\u00e9tien et le pr\u00e9sident mexicain Vicente Fox, \u00e0 la caserne militaire de Qu\u00e9bec. Le trio avait accept\u00e9 de poser en photo, apr\u00e8s un bref point de presse s\u00e9lectif r\u00e9alis\u00e9 sous haute s\u00e9curit\u00e9. Je&#8230; <\/p>\n","protected":false},"author":1,"featured_media":451,"parent":395,"menu_order":0,"comment_status":"closed","ping_status":"closed","template":"","meta":{"footnotes":""},"class_list":["post-202","page","type-page","status-publish","has-post-thumbnail","hentry"],"_links":{"self":[{"href":"https:\/\/danalbertini.ca\/index.php?rest_route=\/wp\/v2\/pages\/202","targetHints":{"allow":["GET"]}}],"collection":[{"href":"https:\/\/danalbertini.ca\/index.php?rest_route=\/wp\/v2\/pages"}],"about":[{"href":"https:\/\/danalbertini.ca\/index.php?rest_route=\/wp\/v2\/types\/page"}],"author":[{"embeddable":true,"href":"https:\/\/danalbertini.ca\/index.php?rest_route=\/wp\/v2\/users\/1"}],"replies":[{"embeddable":true,"href":"https:\/\/danalbertini.ca\/index.php?rest_route=%2Fwp%2Fv2%2Fcomments&post=202"}],"version-history":[{"count":2,"href":"https:\/\/danalbertini.ca\/index.php?rest_route=\/wp\/v2\/pages\/202\/revisions"}],"predecessor-version":[{"id":465,"href":"https:\/\/danalbertini.ca\/index.php?rest_route=\/wp\/v2\/pages\/202\/revisions\/465"}],"up":[{"embeddable":true,"href":"https:\/\/danalbertini.ca\/index.php?rest_route=\/wp\/v2\/pages\/395"}],"wp:featuredmedia":[{"embeddable":true,"href":"https:\/\/danalbertini.ca\/index.php?rest_route=\/"}],"wp:attachment":[{"href":"https:\/\/danalbertini.ca\/index.php?rest_route=%2Fwp%2Fv2%2Fmedia&parent=202"}],"curies":[{"name":"wp","href":"https:\/\/api.w.org\/{rel}","templated":true}]}}