{"id":395,"date":"2016-08-04T20:39:00","date_gmt":"2016-08-04T20:39:00","guid":{"rendered":"http:\/\/www.danalbertini.co\/?page_id=2"},"modified":"2025-07-29T09:10:31","modified_gmt":"2025-07-29T09:10:31","slug":"about","status":"publish","type":"page","link":"https:\/\/danalbertini.ca\/?page_id=395","title":{"rendered":"PROFIL"},"content":{"rendered":"<p class=\"lineHeightSingle\" style=\"text-align: justify;\">Connu sous le nom de <i>Dan Albertini<\/i>, journaliste-\u00e9crivain sp\u00e9cialis\u00e9 en diplomatie internationale &amp; Soci\u00e9t\u00e9, en arts plastiques, dans le cin\u00e9ma et, en communication num\u00e9rique, je suis Daniel Milord Albertini. B\u00e9n\u00e9ficiant \u00e0 cet effet d&rsquo;une exp\u00e9rience professionnelle internationale large, en plus d&rsquo;un parcours de correspondant de presse \u00e9tranger accr\u00e9dit\u00e9 aux Nations Unies en Suisse, et de journaliste accr\u00e9dit\u00e9 \u00e0 plus d&rsquo;un titre lors de sommets internationaux globaux, je publie au niveau de la presse internationale. Vous trouverez mes publications \u00e0 travers les colonnes d&rsquo;hebdomadaires, de magazines mensuels, de la presse \u00e9lectronique.<\/p>\n<p class=\"lineHeightSingle\" style=\"text-align: justify;\"><span style=\"color: #000000; font-size: small;\">Je publie aussi des ouvrages sous formes de recueil, de roman&#8230; . Vous trouverez aussi mes traces au niveau de la radio.<\/span><\/p>\n<p class=\"lineHeightSingle\" style=\"text-align: justify;\"><span style=\"color: #000000; font-size: small;\">Si vous souhaitez proposer, m&rsquo;informer de la tenue d&rsquo;un \u00e9v\u00e9nement, ou me lancer une invitation sp\u00e9ciale, vous pouvez le faire en remplissant le formulaire th\u00e9matique dans la section \u00a0\u00bbMe contacter\u00a0\u00bb<\/span><\/p>\n<p class=\"lineHeightSingle\" style=\"text-align: justify;\"><span style=\"color: #000000; font-size: small;\">La consultation des autres pages th\u00e9matiques est n\u00e9anmoins un exercice id\u00e9al d&rsquo;accompagnement qui vous conduira vers une meilleure compr\u00e9hension de ma personnalit\u00e9.<\/span><\/p>\n<p><span style=\"color: #000000; font-size: xx-small;\">cr\u00e9dit photo : Marit Fosse<\/span><\/p>\n","protected":false},"excerpt":{"rendered":"<p>Connu sous le nom de Dan Albertini, journaliste-\u00e9crivain sp\u00e9cialis\u00e9 en diplomatie internationale &amp; Soci\u00e9t\u00e9, en arts plastiques, dans le cin\u00e9ma et, en communication num\u00e9rique, je suis Daniel Milord Albertini. B\u00e9n\u00e9ficiant \u00e0 cet effet d&rsquo;une exp\u00e9rience professionnelle internationale large, en plus d&rsquo;un parcours de correspondant de presse \u00e9tranger accr\u00e9dit\u00e9 aux Nations Unies en Suisse, et de journaliste accr\u00e9dit\u00e9 \u00e0 plus d&rsquo;un titre lors de sommets internationaux globaux, je publie au niveau de la presse internationale. Vous trouverez mes publications \u00e0 travers les colonnes d&rsquo;hebdomadaires, de magazines mensuels, de la presse \u00e9lectronique&#8230;. <\/p>\n","protected":false},"author":1,"featured_media":451,"parent":0,"menu_order":0,"comment_status":"closed","ping_status":"closed","template":"","meta":{"footnotes":""},"class_list":["post-395","page","type-page","status-publish","has-post-thumbnail","hentry"],"_links":{"self":[{"href":"https:\/\/danalbertini.ca\/index.php?rest_route=\/wp\/v2\/pages\/395","targetHints":{"allow":["GET"]}}],"collection":[{"href":"https:\/\/danalbertini.ca\/index.php?rest_route=\/wp\/v2\/pages"}],"about":[{"href":"https:\/\/danalbertini.ca\/index.php?rest_route=\/wp\/v2\/types\/page"}],"author":[{"embeddable":true,"href":"https:\/\/danalbertini.ca\/index.php?rest_route=\/wp\/v2\/users\/1"}],"replies":[{"embeddable":true,"href":"https:\/\/danalbertini.ca\/index.php?rest_route=%2Fwp%2Fv2%2Fcomments&post=395"}],"version-history":[{"count":1,"href":"https:\/\/danalbertini.ca\/index.php?rest_route=\/wp\/v2\/pages\/395\/revisions"}],"predecessor-version":[{"id":467,"href":"https:\/\/danalbertini.ca\/index.php?rest_route=\/wp\/v2\/pages\/395\/revisions\/467"}],"wp:featuredmedia":[{"embeddable":true,"href":"https:\/\/danalbertini.ca\/index.php?rest_route=\/"}],"wp:attachment":[{"href":"https:\/\/danalbertini.ca\/index.php?rest_route=%2Fwp%2Fv2%2Fmedia&parent=395"}],"curies":[{"name":"wp","href":"https:\/\/api.w.org\/{rel}","templated":true}]}}