{"id":453,"date":"2016-08-04T20:39:00","date_gmt":"2016-08-04T20:39:00","guid":{"rendered":"http:\/\/www.danalbertini.co\/?page_id=19"},"modified":"2025-07-29T09:12:28","modified_gmt":"2025-07-29T09:12:28","slug":"contact","status":"publish","type":"page","link":"https:\/\/danalbertini.ca\/?page_id=453","title":{"rendered":"ME CONTACTER"},"content":{"rendered":"<p style=\"text-align: justify;\">Votre visite m&rsquo;honore, elle est importante. Comment puis-je vous \u00eatre utile ? Soyez rassur\u00e9(e), votre confidentialit\u00e9 est garantie. Choisissez une des cat\u00e9gories \u00e0 droite.<\/p>\n<p style=\"text-align: justify;\">Vous pouvez le faire aussi par ces num\u00e9ros de t\u00e9l\u00e9phone : 203 293 6112 ; 203 208 8360 (texto, voice mail) ; email : <a href=\"mailto:dedieu@s-dd.ca\">dedieu@s-dd.ca<\/a><\/p>\n<p>Merci<\/p>\n<hr \/>\n<p style=\"text-align: center;\">\u00e0 bient\u00f4t<\/p>\n","protected":false},"excerpt":{"rendered":"<p>Votre visite m&rsquo;honore, elle est importante. Comment puis-je vous \u00eatre utile ? Soyez rassur\u00e9(e), votre confidentialit\u00e9 est garantie. Choisissez une des cat\u00e9gories \u00e0 droite. Vous pouvez le faire aussi par ces num\u00e9ros de t\u00e9l\u00e9phone : 203 293 6112 ; 203 208 8360 (texto, voice mail) ; email : dedieu@s-dd.ca Merci \u00e0 bient\u00f4t<\/p>\n","protected":false},"author":1,"featured_media":451,"parent":0,"menu_order":0,"comment_status":"closed","ping_status":"closed","template":"","meta":{"footnotes":""},"class_list":["post-453","page","type-page","status-publish","has-post-thumbnail","hentry"],"_links":{"self":[{"href":"https:\/\/danalbertini.ca\/index.php?rest_route=\/wp\/v2\/pages\/453","targetHints":{"allow":["GET"]}}],"collection":[{"href":"https:\/\/danalbertini.ca\/index.php?rest_route=\/wp\/v2\/pages"}],"about":[{"href":"https:\/\/danalbertini.ca\/index.php?rest_route=\/wp\/v2\/types\/page"}],"author":[{"embeddable":true,"href":"https:\/\/danalbertini.ca\/index.php?rest_route=\/wp\/v2\/users\/1"}],"replies":[{"embeddable":true,"href":"https:\/\/danalbertini.ca\/index.php?rest_route=%2Fwp%2Fv2%2Fcomments&post=453"}],"version-history":[{"count":1,"href":"https:\/\/danalbertini.ca\/index.php?rest_route=\/wp\/v2\/pages\/453\/revisions"}],"predecessor-version":[{"id":469,"href":"https:\/\/danalbertini.ca\/index.php?rest_route=\/wp\/v2\/pages\/453\/revisions\/469"}],"wp:featuredmedia":[{"embeddable":true,"href":"https:\/\/danalbertini.ca\/index.php?rest_route=\/"}],"wp:attachment":[{"href":"https:\/\/danalbertini.ca\/index.php?rest_route=%2Fwp%2Fv2%2Fmedia&parent=453"}],"curies":[{"name":"wp","href":"https:\/\/api.w.org\/{rel}","templated":true}]}}