{"id":9,"date":"2016-08-04T20:39:00","date_gmt":"2016-08-04T20:39:00","guid":{"rendered":"http:\/\/www.danalbertini.co\/?page_id=9"},"modified":"2025-07-29T09:11:08","modified_gmt":"2025-07-29T09:11:08","slug":"faq","status":"publish","type":"page","link":"https:\/\/danalbertini.ca\/?page_id=9","title":{"rendered":"FAQ"},"content":{"rendered":"<p style=\"text-align: justify;\">Cette page est d\u00e9di\u00e9e aux questions g\u00e9n\u00e9ralement pos\u00e9es. Dans le cas contraire, remplissez le formulaire ci-bas.<\/p>\n<hr \/>\n<p><strong>Q:<\/strong>\u00a0<em>Pourquoi un observatoire ?<\/em><\/p>\n<p style=\"text-align: justify;\"><strong>A:<\/strong> L&rsquo;observatoire vous propose des relations cons\u00e9quentes par rapport \u00e0 des articles publi\u00e9s et le cours <a href=\"https:\/\/groups.google.com\/forum\/#!topic\/forumculturel\/JXWOFzk_89I\" target=\"_blank\" rel=\"noopener\">des r\u00e9actions qui ont suivi la publication de ces articles<\/a>. Il met aussi en relief les pr\u00e9dictions en mati\u00e8res de politiques internationales. C&rsquo;est aussi avec cet acquis que je r\u00e9ponds \u00e0 titre de \u00a0\u00bbSenior Advisor\u00a0\u00bb en International Strategy.<\/p>\n<hr \/>\n<p style=\"text-align: justify;\">MERCI<\/p>\n","protected":false},"excerpt":{"rendered":"<p>Cette page est d\u00e9di\u00e9e aux questions g\u00e9n\u00e9ralement pos\u00e9es. Dans le cas contraire, remplissez le formulaire ci-bas. Q:\u00a0Pourquoi un observatoire ? A: L&rsquo;observatoire vous propose des relations cons\u00e9quentes par rapport \u00e0 des articles publi\u00e9s et le cours des r\u00e9actions qui ont suivi la publication de ces articles. Il met aussi en relief les pr\u00e9dictions en mati\u00e8res de politiques internationales. C&rsquo;est aussi avec cet acquis que je r\u00e9ponds \u00e0 titre de \u00a0\u00bbSenior Advisor\u00a0\u00bb en International Strategy. MERCI<\/p>\n","protected":false},"author":1,"featured_media":451,"parent":71,"menu_order":0,"comment_status":"closed","ping_status":"closed","template":"","meta":{"footnotes":""},"class_list":["post-9","page","type-page","status-publish","has-post-thumbnail","hentry"],"_links":{"self":[{"href":"https:\/\/danalbertini.ca\/index.php?rest_route=\/wp\/v2\/pages\/9","targetHints":{"allow":["GET"]}}],"collection":[{"href":"https:\/\/danalbertini.ca\/index.php?rest_route=\/wp\/v2\/pages"}],"about":[{"href":"https:\/\/danalbertini.ca\/index.php?rest_route=\/wp\/v2\/types\/page"}],"author":[{"embeddable":true,"href":"https:\/\/danalbertini.ca\/index.php?rest_route=\/wp\/v2\/users\/1"}],"replies":[{"embeddable":true,"href":"https:\/\/danalbertini.ca\/index.php?rest_route=%2Fwp%2Fv2%2Fcomments&post=9"}],"version-history":[{"count":1,"href":"https:\/\/danalbertini.ca\/index.php?rest_route=\/wp\/v2\/pages\/9\/revisions"}],"predecessor-version":[{"id":468,"href":"https:\/\/danalbertini.ca\/index.php?rest_route=\/wp\/v2\/pages\/9\/revisions\/468"}],"up":[{"embeddable":true,"href":"https:\/\/danalbertini.ca\/index.php?rest_route=\/wp\/v2\/pages\/71"}],"wp:featuredmedia":[{"embeddable":true,"href":"https:\/\/danalbertini.ca\/index.php?rest_route=\/"}],"wp:attachment":[{"href":"https:\/\/danalbertini.ca\/index.php?rest_route=%2Fwp%2Fv2%2Fmedia&parent=9"}],"curies":[{"name":"wp","href":"https:\/\/api.w.org\/{rel}","templated":true}]}}